{"id":2,"date":"2020-12-21T20:31:44","date_gmt":"2020-12-21T19:31:44","guid":{"rendered":"http:\/\/acronixe.de\/?page_id=2"},"modified":"2020-12-22T17:27:28","modified_gmt":"2020-12-22T16:27:28","slug":"beispiel-seite","status":"publish","type":"page","link":"https:\/\/acronixe.de\/","title":{"rendered":"front page"},"content":{"rendered":"\t\t<div data-elementor-type=\"wp-page\" data-elementor-id=\"2\" class=\"elementor elementor-2\">\n\t\t\t\t\t\t<section class=\"elementor-section elementor-top-section elementor-element elementor-element-d1a7d0c elementor-section-boxed elementor-section-height-default elementor-section-height-default\" data-id=\"d1a7d0c\" data-element_type=\"section\" data-e-type=\"section\">\n\t\t\t\t\t\t<div class=\"elementor-container elementor-column-gap-default\">\n\t\t\t\t\t<div class=\"elementor-column elementor-col-50 elementor-top-column elementor-element elementor-element-9fed643\" data-id=\"9fed643\" data-element_type=\"column\" data-e-type=\"column\">\n\t\t\t<div class=\"elementor-widget-wrap elementor-element-populated\">\n\t\t\t\t\t\t<div class=\"elementor-element elementor-element-6671ad0 elementor-invisible elementor-widget elementor-widget-image\" data-id=\"6671ad0\" data-element_type=\"widget\" data-e-type=\"widget\" data-settings=\"{&quot;_animation&quot;:&quot;fadeInLeft&quot;}\" data-widget_type=\"image.default\">\n\t\t\t\t<div class=\"elementor-widget-container\">\n\t\t\t\t\t\t\t\t\t\t\t\t\t\t\t<img fetchpriority=\"high\" decoding=\"async\" width=\"730\" height=\"1024\" src=\"https:\/\/acronixe.de\/wp-content\/uploads\/2020\/12\/cover_crop-730x1024.jpg\" class=\"attachment-large size-large wp-image-679\" alt=\"\" srcset=\"https:\/\/acronixe.de\/wp-content\/uploads\/2020\/12\/cover_crop-730x1024.jpg 730w, https:\/\/acronixe.de\/wp-content\/uploads\/2020\/12\/cover_crop-214x300.jpg 214w, https:\/\/acronixe.de\/wp-content\/uploads\/2020\/12\/cover_crop-768x1077.jpg 768w, https:\/\/acronixe.de\/wp-content\/uploads\/2020\/12\/cover_crop-1096x1536.jpg 1096w, https:\/\/acronixe.de\/wp-content\/uploads\/2020\/12\/cover_crop-1461x2048.jpg 1461w, https:\/\/acronixe.de\/wp-content\/uploads\/2020\/12\/cover_crop-830x1164.jpg 830w, https:\/\/acronixe.de\/wp-content\/uploads\/2020\/12\/cover_crop-230x322.jpg 230w, https:\/\/acronixe.de\/wp-content\/uploads\/2020\/12\/cover_crop-350x491.jpg 350w, https:\/\/acronixe.de\/wp-content\/uploads\/2020\/12\/cover_crop-480x673.jpg 480w, https:\/\/acronixe.de\/wp-content\/uploads\/2020\/12\/cover_crop-scaled.jpg 1826w\" sizes=\"(max-width: 730px) 100vw, 730px\" \/>\t\t\t\t\t\t\t\t\t\t\t\t\t\t\t<\/div>\n\t\t\t\t<\/div>\n\t\t\t\t\t<\/div>\n\t\t<\/div>\n\t\t\t\t<div class=\"elementor-column elementor-col-50 elementor-top-column elementor-element elementor-element-1579c2b\" data-id=\"1579c2b\" data-element_type=\"column\" data-e-type=\"column\">\n\t\t\t<div class=\"elementor-widget-wrap elementor-element-populated\">\n\t\t\t\t\t\t<div class=\"elementor-element elementor-element-94cbffd elementor-widget elementor-widget-text-editor\" data-id=\"94cbffd\" data-element_type=\"widget\" data-e-type=\"widget\" data-widget_type=\"text-editor.default\">\n\t\t\t\t<div class=\"elementor-widget-container\">\n\t\t\t\t\t\t\t\t\t<p>W\u00e4re es nicht einmal sch\u00f6n mit vielen Menschen an einem Ort mit <strong>Wasser<\/strong> gemeinsam <strong>AcroYoga<\/strong> machen zu k\u00f6nnen?<br \/>Deswegen \u00fcbernehmen wir mit euch zusammen \u00fcber <strong>Pfingsten<\/strong> das komplette <strong>Freibad in Lengenfeld unterm Stein<\/strong> im sch\u00f6nen Th\u00fcringen.<br \/>Vom <strong>20. bis 24. Mai<\/strong>. Vorverkauf und weitere Infos gibts demn\u00e4chst hier.<br \/><br \/>Stay tunded!<\/p>\t\t\t\t\t\t\t\t<\/div>\n\t\t\t\t<\/div>\n\t\t\t\t\t<\/div>\n\t\t<\/div>\n\t\t\t\t\t<\/div>\n\t\t<\/section>\n\t\t\t\t<\/div>\n\t\t","protected":false},"excerpt":{"rendered":"<p>W\u00e4re es nicht einmal sch\u00f6n mit vielen Menschen an einem Ort mit Wasser gemeinsam AcroYoga machen zu k\u00f6nnen?Deswegen \u00fcbernehmen wir mit euch [&hellip;]<\/p>\n","protected":false},"author":1,"featured_media":0,"parent":0,"menu_order":0,"comment_status":"closed","ping_status":"open","template":"page-templates\/page_front-page.php","meta":{"footnotes":""},"class_list":["post-2","page","type-page","status-publish","hentry"],"_links":{"self":[{"href":"https:\/\/acronixe.de\/index.php\/wp-json\/wp\/v2\/pages\/2","targetHints":{"allow":["GET"]}}],"collection":[{"href":"https:\/\/acronixe.de\/index.php\/wp-json\/wp\/v2\/pages"}],"about":[{"href":"https:\/\/acronixe.de\/index.php\/wp-json\/wp\/v2\/types\/page"}],"author":[{"embeddable":true,"href":"https:\/\/acronixe.de\/index.php\/wp-json\/wp\/v2\/users\/1"}],"replies":[{"embeddable":true,"href":"https:\/\/acronixe.de\/index.php\/wp-json\/wp\/v2\/comments?post=2"}],"version-history":[{"count":11,"href":"https:\/\/acronixe.de\/index.php\/wp-json\/wp\/v2\/pages\/2\/revisions"}],"predecessor-version":[{"id":690,"href":"https:\/\/acronixe.de\/index.php\/wp-json\/wp\/v2\/pages\/2\/revisions\/690"}],"wp:attachment":[{"href":"https:\/\/acronixe.de\/index.php\/wp-json\/wp\/v2\/media?parent=2"}],"curies":[{"name":"wp","href":"https:\/\/api.w.org\/{rel}","templated":true}]}}